{"id":5624,"date":"2026-04-19T18:19:50","date_gmt":"2026-04-19T16:19:50","guid":{"rendered":"https:\/\/cocobe-mg.com\/?post_type=product&#038;p=5624"},"modified":"2026-04-19T18:43:36","modified_gmt":"2026-04-19T16:43:36","slug":"sac-jeanne-camel-croco","status":"publish","type":"product","link":"https:\/\/cocobe-mg.com\/en\/product\/sac-jeanne-camel-croco\/","title":{"rendered":"Sac Jeanne Camel croco"},"content":{"rendered":"<p>Cuir local tannage chrom\u00e9<br \/>\nTenona polycoton tiss\u00e9 \u00e0 la main<\/p>","protected":false},"excerpt":{"rendered":"<p>Cuir local tannage chrom\u00e9 Tenona polycoton tiss\u00e9 \u00e0 la main<\/p>","protected":false},"featured_media":5629,"template":"","meta":[],"product_brand":[],"product_cat":[257,41,279],"product_tag":[],"class_list":{"0":"post-5624","1":"product","2":"type-product","3":"status-publish","4":"has-post-thumbnail","6":"product_cat-accessoire","7":"product_cat-femme","8":"product_cat-nouveautes","10":"first","11":"instock","12":"taxable","13":"shipping-taxable","14":"purchasable","15":"product-type-variable"},"acf":[],"_links":{"self":[{"href":"https:\/\/cocobe-mg.com\/en\/wp-json\/wp\/v2\/product\/5624","targetHints":{"allow":["GET"]}}],"collection":[{"href":"https:\/\/cocobe-mg.com\/en\/wp-json\/wp\/v2\/product"}],"about":[{"href":"https:\/\/cocobe-mg.com\/en\/wp-json\/wp\/v2\/types\/product"}],"wp:featuredmedia":[{"embeddable":true,"href":"https:\/\/cocobe-mg.com\/en\/wp-json\/wp\/v2\/media\/5629"}],"wp:attachment":[{"href":"https:\/\/cocobe-mg.com\/en\/wp-json\/wp\/v2\/media?parent=5624"}],"wp:term":[{"taxonomy":"product_brand","embeddable":true,"href":"https:\/\/cocobe-mg.com\/en\/wp-json\/wp\/v2\/product_brand?post=5624"},{"taxonomy":"product_cat","embeddable":true,"href":"https:\/\/cocobe-mg.com\/en\/wp-json\/wp\/v2\/product_cat?post=5624"},{"taxonomy":"product_tag","embeddable":true,"href":"https:\/\/cocobe-mg.com\/en\/wp-json\/wp\/v2\/product_tag?post=5624"}],"curies":[{"name":"wp","href":"https:\/\/api.w.org\/{rel}","templated":true}]}}